{"id":565,"date":"2015-12-07T14:23:03","date_gmt":"2015-12-07T14:23:03","guid":{"rendered":"http:\/\/www.hotel-provencal.com\/en\/nos-services\/"},"modified":"2021-10-26T16:03:43","modified_gmt":"2021-10-26T16:03:43","slug":"services","status":"publish","type":"page","link":"https:\/\/www.hotel-provencal.com\/en\/services\/","title":{"rendered":"Services"},"content":{"rendered":"","protected":false},"excerpt":{"rendered":"","protected":false},"author":3,"featured_media":1984,"parent":0,"menu_order":3,"comment_status":"closed","ping_status":"closed","template":"modeles-de-page\/page-services.php","meta":[],"yoast_head":"<meta name=\"description\" content=\"L&#039;h\u00f4tel Provencal ** \u00e0 Saint-Rapha\u00ebl est id\u00e9alement situ\u00e9 en centre ville. A proximit\u00e9 imm\u00e9diate du vieux port de Saint-Rapha\u00ebl, des restaurants, des commerces et des plages.\" \/>\n<meta name=\"robots\" content=\"index, follow, max-snippet:-1, max-image-preview:large, max-video-preview:-1\" \/>\n<link rel=\"canonical\" href=\"https:\/\/www.hotel-provencal.com\/en\/services\/\" \/>\n<meta property=\"og:locale\" content=\"en_US\" \/>\n<meta property=\"og:type\" content=\"article\" \/>\n<meta property=\"og:title\" content=\"Available and offered service - Hotel Provencal Saint Raphael\" \/>\n<meta property=\"og:description\" content=\"L&#039;h\u00f4tel Provencal ** \u00e0 Saint-Rapha\u00ebl est id\u00e9alement situ\u00e9 en centre ville. A proximit\u00e9 imm\u00e9diate du vieux port de Saint-Rapha\u00ebl, des restaurants, des commerces et des plages.\" \/>\n<meta property=\"og:url\" content=\"https:\/\/www.hotel-provencal.com\/en\/services\/\" \/>\n<meta property=\"og:site_name\" content=\"H\u00f4tel Provencal Saint-Rapha\u00ebl\" \/>\n<meta property=\"article:modified_time\" content=\"2021-10-26T16:03:43+00:00\" \/>\n<meta property=\"og:image\" content=\"https:\/\/www.hotel-provencal.com\/wp-content\/uploads\/2021\/10\/23-Le-provencal.jpg\" \/>\n\t<meta property=\"og:image:width\" content=\"1920\" \/>\n\t<meta property=\"og:image:height\" content=\"530\" \/>\n<script type=\"application\/ld+json\" class=\"yoast-schema-graph\">{\"@context\":\"https:\/\/schema.org\",\"@graph\":[{\"@type\":\"WebSite\",\"@id\":\"https:\/\/www.hotel-provencal.com\/#website\",\"url\":\"https:\/\/www.hotel-provencal.com\/\",\"name\":\"H\\u00f4tel Provencal Saint-Rapha\\u00ebl\",\"description\":\".\",\"potentialAction\":[{\"@type\":\"SearchAction\",\"target\":{\"@type\":\"EntryPoint\",\"urlTemplate\":\"https:\/\/www.hotel-provencal.com\/?s={search_term_string}\"},\"query-input\":\"required name=search_term_string\"}],\"inLanguage\":\"en-US\"},{\"@type\":\"ImageObject\",\"@id\":\"https:\/\/www.hotel-provencal.com\/en\/services\/#primaryimage\",\"inLanguage\":\"en-US\",\"url\":\"https:\/\/www.hotel-provencal.com\/wp-content\/uploads\/2026\/05\/PetitDejHeader.jpg\",\"contentUrl\":\"https:\/\/www.hotel-provencal.com\/wp-content\/uploads\/2026\/05\/PetitDejHeader.jpg\",\"width\":1920,\"height\":530},{\"@type\":\"WebPage\",\"@id\":\"https:\/\/www.hotel-provencal.com\/en\/services\/#webpage\",\"url\":\"https:\/\/www.hotel-provencal.com\/en\/services\/\",\"name\":\"Available and offered service - Hotel Provencal Saint Raphael\",\"isPartOf\":{\"@id\":\"https:\/\/www.hotel-provencal.com\/#website\"},\"primaryImageOfPage\":{\"@id\":\"https:\/\/www.hotel-provencal.com\/en\/services\/#primaryimage\"},\"datePublished\":\"2015-12-07T14:23:03+00:00\",\"dateModified\":\"2021-10-26T16:03:43+00:00\",\"description\":\"L'h\\u00f4tel Provencal ** \\u00e0 Saint-Rapha\\u00ebl est id\\u00e9alement situ\\u00e9 en centre ville. A proximit\\u00e9 imm\\u00e9diate du vieux port de Saint-Rapha\\u00ebl, des restaurants, des commerces et des plages.\",\"breadcrumb\":{\"@id\":\"https:\/\/www.hotel-provencal.com\/en\/services\/#breadcrumb\"},\"inLanguage\":\"en-US\",\"potentialAction\":[{\"@type\":\"ReadAction\",\"target\":[\"https:\/\/www.hotel-provencal.com\/en\/services\/\"]}]},{\"@type\":\"BreadcrumbList\",\"@id\":\"https:\/\/www.hotel-provencal.com\/en\/services\/#breadcrumb\",\"itemListElement\":[{\"@type\":\"ListItem\",\"position\":1,\"name\":\"Accueil\",\"item\":\"https:\/\/www.hotel-provencal.com\/en\/\"},{\"@type\":\"ListItem\",\"position\":2,\"name\":\"Services\"}]}]}<\/script>","yoast_head_json":{"description":"L'h\u00f4tel Provencal ** \u00e0 Saint-Rapha\u00ebl est id\u00e9alement situ\u00e9 en centre ville. A proximit\u00e9 imm\u00e9diate du vieux port de Saint-Rapha\u00ebl, des restaurants, des commerces et des plages.","robots":{"index":"index","follow":"follow","max-snippet":"max-snippet:-1","max-image-preview":"max-image-preview:large","max-video-preview":"max-video-preview:-1"},"canonical":"https:\/\/www.hotel-provencal.com\/en\/services\/","og_locale":"en_US","og_type":"article","og_title":"Available and offered service - Hotel Provencal Saint Raphael","og_description":"L'h\u00f4tel Provencal ** \u00e0 Saint-Rapha\u00ebl est id\u00e9alement situ\u00e9 en centre ville. A proximit\u00e9 imm\u00e9diate du vieux port de Saint-Rapha\u00ebl, des restaurants, des commerces et des plages.","og_url":"https:\/\/www.hotel-provencal.com\/en\/services\/","og_site_name":"H\u00f4tel Provencal Saint-Rapha\u00ebl","article_modified_time":"2021-10-26T16:03:43+00:00","og_image":[{"width":1920,"height":530,"url":"https:\/\/www.hotel-provencal.com\/wp-content\/uploads\/2021\/10\/23-Le-provencal.jpg","type":"image\/jpeg"}],"schema":{"@context":"https:\/\/schema.org","@graph":[{"@type":"WebSite","@id":"https:\/\/www.hotel-provencal.com\/#website","url":"https:\/\/www.hotel-provencal.com\/","name":"H\u00f4tel Provencal Saint-Rapha\u00ebl","description":".","potentialAction":[{"@type":"SearchAction","target":{"@type":"EntryPoint","urlTemplate":"https:\/\/www.hotel-provencal.com\/?s={search_term_string}"},"query-input":"required name=search_term_string"}],"inLanguage":"en-US"},{"@type":"ImageObject","@id":"https:\/\/www.hotel-provencal.com\/en\/services\/#primaryimage","inLanguage":"en-US","url":"https:\/\/www.hotel-provencal.com\/wp-content\/uploads\/2026\/05\/PetitDejHeader.jpg","contentUrl":"https:\/\/www.hotel-provencal.com\/wp-content\/uploads\/2026\/05\/PetitDejHeader.jpg","width":1920,"height":530},{"@type":"WebPage","@id":"https:\/\/www.hotel-provencal.com\/en\/services\/#webpage","url":"https:\/\/www.hotel-provencal.com\/en\/services\/","name":"Available and offered service - Hotel Provencal Saint Raphael","isPartOf":{"@id":"https:\/\/www.hotel-provencal.com\/#website"},"primaryImageOfPage":{"@id":"https:\/\/www.hotel-provencal.com\/en\/services\/#primaryimage"},"datePublished":"2015-12-07T14:23:03+00:00","dateModified":"2021-10-26T16:03:43+00:00","description":"L'h\u00f4tel Provencal ** \u00e0 Saint-Rapha\u00ebl est id\u00e9alement situ\u00e9 en centre ville. A proximit\u00e9 imm\u00e9diate du vieux port de Saint-Rapha\u00ebl, des restaurants, des commerces et des plages.","breadcrumb":{"@id":"https:\/\/www.hotel-provencal.com\/en\/services\/#breadcrumb"},"inLanguage":"en-US","potentialAction":[{"@type":"ReadAction","target":["https:\/\/www.hotel-provencal.com\/en\/services\/"]}]},{"@type":"BreadcrumbList","@id":"https:\/\/www.hotel-provencal.com\/en\/services\/#breadcrumb","itemListElement":[{"@type":"ListItem","position":1,"name":"Accueil","item":"https:\/\/www.hotel-provencal.com\/en\/"},{"@type":"ListItem","position":2,"name":"Services"}]}]}},"_links":{"self":[{"href":"https:\/\/www.hotel-provencal.com\/en\/wp-json\/wp\/v2\/pages\/565"}],"collection":[{"href":"https:\/\/www.hotel-provencal.com\/en\/wp-json\/wp\/v2\/pages"}],"about":[{"href":"https:\/\/www.hotel-provencal.com\/en\/wp-json\/wp\/v2\/types\/page"}],"author":[{"embeddable":true,"href":"https:\/\/www.hotel-provencal.com\/en\/wp-json\/wp\/v2\/users\/3"}],"replies":[{"embeddable":true,"href":"https:\/\/www.hotel-provencal.com\/en\/wp-json\/wp\/v2\/comments?post=565"}],"version-history":[{"count":5,"href":"https:\/\/www.hotel-provencal.com\/en\/wp-json\/wp\/v2\/pages\/565\/revisions"}],"predecessor-version":[{"id":1759,"href":"https:\/\/www.hotel-provencal.com\/en\/wp-json\/wp\/v2\/pages\/565\/revisions\/1759"}],"wp:featuredmedia":[{"embeddable":true,"href":"https:\/\/www.hotel-provencal.com\/en\/wp-json\/wp\/v2\/media\/1984"}],"wp:attachment":[{"href":"https:\/\/www.hotel-provencal.com\/en\/wp-json\/wp\/v2\/media?parent=565"}],"curies":[{"name":"wp","href":"https:\/\/api.w.org\/{rel}","templated":true}]}}